{"id":135,"date":"2017-01-20T08:52:51","date_gmt":"2017-01-20T07:52:51","guid":{"rendered":"http:\/\/pelletier-avocat.fr\/?page_id=135"},"modified":"2026-02-27T07:48:35","modified_gmt":"2026-02-27T06:48:35","slug":"coordonnees","status":"publish","type":"page","link":"https:\/\/pelletier-avocat.fr\/?page_id=135","title":{"rendered":"Coordonn\u00e9es-Contact"},"content":{"rendered":"<div id=\"pl-135\"  class=\"panel-layout\" ><div id=\"pg-135-0\"  class=\"panel-grid panel-no-style\" ><div id=\"pgc-135-0-0\"  class=\"panel-grid-cell\" ><div id=\"panel-135-0-0-0\" class=\"so-panel widget widget_sow-google-map panel-first-child panel-last-child\" data-index=\"0\" ><div\n\t\t\t\n\t\t\tclass=\"so-widget-sow-google-map so-widget-sow-google-map-default-6b23895f316e-135\"\n\t\t\t\n\t\t>\n<div class=\"sow-google-map-canvas\"\n\tstyle=\"\"\n\tid=\"map-canvas-ad7f09371f90bcd33790d818a5d7dae2\"\n\tdata-options=\"{&quot;address&quot;:&quot;48.5907054, 7.7480908&quot;,&quot;zoom&quot;:17,&quot;mobileZoom&quot;:17,&quot;gestureHandling&quot;:&quot;greedy&quot;,&quot;disableUi&quot;:false,&quot;markerIcon&quot;:false,&quot;markersDraggable&quot;:false,&quot;markerAtCenter&quot;:true,&quot;markerInfoDisplay&quot;:&quot;click&quot;,&quot;markerInfoMultiple&quot;:true,&quot;markerPositions&quot;:false,&quot;mapName&quot;:false,&quot;mapStyles&quot;:false,&quot;directions&quot;:&quot;&quot;,&quot;apiKey&quot;:&quot;AIzaSyBgjtVi-pt0VrWjEBDdhy8zVjbWlJMIpjw&quot;,&quot;breakpoint&quot;:780,&quot;id&quot;:&quot;69e0e6&quot;}\"\n\tdata-fallback-image=\"{&quot;img&quot;:&quot;&quot;}\"><\/div>\n<\/div><\/div><\/div><div id=\"pgc-135-0-1\"  class=\"panel-grid-cell\" ><div id=\"panel-135-0-1-0\" class=\"so-panel widget widget_sow-editor panel-first-child panel-last-child\" data-index=\"1\" ><div\n\t\t\t\n\t\t\tclass=\"so-widget-sow-editor so-widget-sow-editor-base\"\n\t\t\t\n\t\t>\n<div class=\"siteorigin-widget-tinymce textwidget\">\n\t<h1 style=\"text-align: left;\">Charles-Edouard PELLETIER<\/h1>\n<h3 style=\"text-align: left;\">Avocat au Barreau de Strasbourg<\/h3>\n<p>&nbsp;<\/p>\n<h4>Membre du Conseil de l'Ordre<\/h4>\n<h4>Ancien membre \u00e9lu du Conseil National des Barreaux et Pr\u00e9sident de la Commission collaboration du CNB<\/h4>\n<h4 style=\"text-align: left;\">Pr\u00e9sident d'honneur de l\u2019UJA (Union des jeunes avocats) de STRASBOURG et SAVERNE<\/h4>\n<p>&nbsp;<\/p>\n<p style=\"text-align: left;\">68 avenue des Vosges<br \/>\n67000 Strasbourg<\/p>\n<p style=\"text-align: left;\">Tel : 03.88.24.00.04<br \/>\nPort : 06.88.53.21.78<br \/>\nFax : 03.88.24.59.20<\/p>\n<p style=\"text-align: left;\">Email :\u00a0<a href=\"mailto:charles-edouard@pelletier-avocat.fr\">charles-edouard@pelletier-avocat.fr<\/a><\/p>\n<\/div>\n<\/div><\/div><\/div><\/div><\/div><!-- AddThis Advanced Settings generic via filter on the_content --><!-- AddThis Share Buttons generic via filter on the_content -->","protected":false},"excerpt":{"rendered":"<p>Charles-Edouard PELLETIER Avocat au Barreau de Strasbourg &nbsp; Membre du Conseil de l&rsquo;Ordre Ancien membre \u00e9lu du Conseil National des Barreaux et Pr\u00e9sident de la Commission collaboration du CNB Pr\u00e9sident d&rsquo;honneur de l\u2019UJA (Union des jeunes avocats) de STRASBOURG et SAVERNE &nbsp; 68 avenue des Vosges 67000 Strasbourg Tel : 03.88.24.00.04 Port : 06.88.53.21.78 Fax<a href=\"https:\/\/pelletier-avocat.fr\/?page_id=135\">[&#8230;]<\/a><!-- AddThis Advanced Settings generic via filter on get_the_excerpt --><!-- AddThis Share Buttons generic via filter on get_the_excerpt --><\/p>\n","protected":false},"author":1,"featured_media":0,"parent":0,"menu_order":0,"comment_status":"closed","ping_status":"closed","template":"","meta":{"footnotes":""},"class_list":["post-135","page","type-page","status-publish","hentry"],"aioseo_notices":[],"_links":{"self":[{"href":"https:\/\/pelletier-avocat.fr\/index.php?rest_route=\/wp\/v2\/pages\/135"}],"collection":[{"href":"https:\/\/pelletier-avocat.fr\/index.php?rest_route=\/wp\/v2\/pages"}],"about":[{"href":"https:\/\/pelletier-avocat.fr\/index.php?rest_route=\/wp\/v2\/types\/page"}],"author":[{"embeddable":true,"href":"https:\/\/pelletier-avocat.fr\/index.php?rest_route=\/wp\/v2\/users\/1"}],"replies":[{"embeddable":true,"href":"https:\/\/pelletier-avocat.fr\/index.php?rest_route=%2Fwp%2Fv2%2Fcomments&post=135"}],"version-history":[{"count":29,"href":"https:\/\/pelletier-avocat.fr\/index.php?rest_route=\/wp\/v2\/pages\/135\/revisions"}],"predecessor-version":[{"id":142,"href":"https:\/\/pelletier-avocat.fr\/index.php?rest_route=\/wp\/v2\/pages\/135\/revisions\/142"}],"wp:attachment":[{"href":"https:\/\/pelletier-avocat.fr\/index.php?rest_route=%2Fwp%2Fv2%2Fmedia&parent=135"}],"curies":[{"name":"wp","href":"https:\/\/api.w.org\/{rel}","templated":true}]}}