{"id":83,"date":"2017-01-19T21:11:23","date_gmt":"2017-01-19T20:11:23","guid":{"rendered":"http:\/\/pelletier-avocat.fr\/?page_id=83"},"modified":"2026-02-27T07:51:13","modified_gmt":"2026-02-27T06:51:13","slug":"liens","status":"publish","type":"page","link":"https:\/\/pelletier-avocat.fr\/?page_id=83","title":{"rendered":"Liens"},"content":{"rendered":"<p><a href=\"http:\/\/www.avocats-strasbourg.com\/avocat?uid=2646\" target=\"_blank\" rel=\"noopener noreferrer\">Page personnelle sur le site du Barreau de Strasbourg<\/a><\/p>\n<p><a href=\"https:\/\/www.fnuja.com\/Les-Presidents-de-Commissions-pour-l-annee-2019-2020_a2283.html\" target=\"_blank\" rel=\"noopener noreferrer\">Pr\u00e9sident de la commission collaboration lib\u00e9rale de la FNUJA<\/a><\/p>\n<p><a href=\"https:\/\/consultation.avocat.fr\/avocat-strasbourg\/charles-edouard-pelletier-38995.html\" target=\"_blank\" rel=\"noopener noreferrer\">Consultation.avocat.fr<\/a><\/p>\n<p><a href=\"http:\/\/entrepreneurs.alsace\/charles-edouard-pelletier\/\" target=\"_blank\" rel=\"noopener noreferrer\">Article sur le site Entrepreneurs.alsace<\/a><\/p>\n<p><a href=\"https:\/\/www.google.com\/maps\/d\/viewer?mid=1IsHjL5Vz5-9YRngYrEsCQdCSVPF_ILEB&amp;ll=48.59065900000002%2C7.748076200000014&amp;z=10\" target=\"_blank\" rel=\"noopener noreferrer\">Carte interactive des Entrepreneurs d&rsquo;Alsace<\/a><\/p>\n<p>https:\/\/www.avocat-gay-friendly.fr\/item\/maitre-charles-edouard-pelletier\/<\/p>\n<p><iframe title=\"Spotify Embed: \u00catre un avocat engag\u00e9 avec Ma\u00eetre Charles-Edouard PELLETIER\" style=\"border-radius: 12px\" width=\"100%\" height=\"152\" frameborder=\"0\" allowfullscreen allow=\"autoplay; clipboard-write; encrypted-media; fullscreen; picture-in-picture\" loading=\"lazy\" src=\"https:\/\/open.spotify.com\/embed\/episode\/3zqptGVPUpYSlH9WqB3HvX?utm_source=oembed\"><\/iframe><\/p>\n\n\n<p><a href=\"https:\/\/podcast.ausha.co\/jeune-avocat\/harcelement-et-discrimination-en-cabinets-d-avocats-les-bons-reflexes\">https:\/\/podcast.ausha.co\/jeune-avocat\/harcelement-et-discrimination-en-cabinets-d-avocats-les-bons-reflexes<\/a><\/p>\n\n\n\n<p><a href=\"https:\/\/www.fnuja.com\/Podcast-du-jeune-avocat-episode-3-Harcelement-et-discrimination-en-cabinets-d-avocats-les-bons-reflexes_a2579.html\">https:\/\/www.fnuja.com\/Podcast-du-jeune-avocat-episode-3-Harcelement-et-discrimination-en-cabinets-d-avocats-les-bons-reflexes_a2579.html<\/a><\/p>\n\n\n\n<p><a href=\"https:\/\/www.pagesjaunes.fr\/pros\/55180472\">https:\/\/www.pagesjaunes.fr\/pros\/55180472<\/a><\/p>\n\n\n\n<p><a href=\"https:\/\/www.gazette-du-palais.fr\/podcast\">https:\/\/www.gazette-du-palais.fr\/podcast<\/a><\/p>\n\n\n\n<p><a href=\"https:\/\/unapl.fr\/instances\">https:\/\/unapl.fr\/instances<\/a><\/p>\n","protected":false},"excerpt":{"rendered":"<p>Page personnelle sur le site du Barreau de Strasbourg Pr\u00e9sident de la commission collaboration lib\u00e9rale de la FNUJA Consultation.avocat.fr Article sur le site Entrepreneurs.alsace Carte interactive des Entrepreneurs d&rsquo;Alsace https:\/\/www.avocat-gay-friendly.fr\/item\/maitre-charles-edouard-pelletier\/ https:\/\/podcast.ausha.co\/jeune-avocat\/harcelement-et-discrimination-en-cabinets-d-avocats-les-bons-reflexes https:\/\/www.fnuja.com\/Podcast-du-jeune-avocat-episode-3-Harcelement-et-discrimination-en-cabinets-d-avocats-les-bons-reflexes_a2579.html https:\/\/www.pagesjaunes.fr\/pros\/55180472 https:\/\/www.gazette-du-palais.fr\/podcast https:\/\/unapl.fr\/instances<\/p>\n","protected":false},"author":1,"featured_media":0,"parent":0,"menu_order":0,"comment_status":"closed","ping_status":"closed","template":"","meta":{"footnotes":""},"class_list":["post-83","page","type-page","status-publish","hentry"],"aioseo_notices":[],"_links":{"self":[{"href":"https:\/\/pelletier-avocat.fr\/index.php?rest_route=\/wp\/v2\/pages\/83"}],"collection":[{"href":"https:\/\/pelletier-avocat.fr\/index.php?rest_route=\/wp\/v2\/pages"}],"about":[{"href":"https:\/\/pelletier-avocat.fr\/index.php?rest_route=\/wp\/v2\/types\/page"}],"author":[{"embeddable":true,"href":"https:\/\/pelletier-avocat.fr\/index.php?rest_route=\/wp\/v2\/users\/1"}],"replies":[{"embeddable":true,"href":"https:\/\/pelletier-avocat.fr\/index.php?rest_route=%2Fwp%2Fv2%2Fcomments&post=83"}],"version-history":[{"count":13,"href":"https:\/\/pelletier-avocat.fr\/index.php?rest_route=\/wp\/v2\/pages\/83\/revisions"}],"predecessor-version":[{"id":397,"href":"https:\/\/pelletier-avocat.fr\/index.php?rest_route=\/wp\/v2\/pages\/83\/revisions\/397"}],"wp:attachment":[{"href":"https:\/\/pelletier-avocat.fr\/index.php?rest_route=%2Fwp%2Fv2%2Fmedia&parent=83"}],"curies":[{"name":"wp","href":"https:\/\/api.w.org\/{rel}","templated":true}]}}